{"id":23885,"date":"2025-12-09T16:36:17","date_gmt":"2025-12-09T23:36:17","guid":{"rendered":"https:\/\/www.acluutah.org\/?page_id=23885"},"modified":"2025-12-09T16:36:17","modified_gmt":"2025-12-09T23:36:17","slug":"los-acuerdos-287g-en-utah","status":"publish","type":"page","link":"https:\/\/www.acluutah.org\/es\/los-acuerdos-287g-en-utah\/","title":{"rendered":"Los Acuerdos 287(g) en Utah"},"content":{"rendered":"","protected":false},"excerpt":{"rendered":"<p>Un acuerdo 287(g) le da a la polic\u00eda el poder para hacer cumplir la ley de inmigraci\u00f3n federal\u2014algo que normalmente no pueden hacer. Estos acuerdos convierten a los agentes locales en agentes del Servicio de Inmigraci\u00f3n y Control de Aduanas (ICE), lo que impulsa las deportaciones, la caracterizaci\u00f3n racial y el miedo en las comunidades...<\/p>\n","protected":false},"author":5,"featured_media":0,"parent":0,"menu_order":0,"comment_status":"closed","ping_status":"closed","template":"","meta":{"_acf_changed":false,"_relevanssi_hide_post":"","_relevanssi_hide_content":"","_relevanssi_pin_for_all":"","_relevanssi_pin_keywords":"","_relevanssi_unpin_keywords":"","_relevanssi_related_keywords":"","_relevanssi_related_include_ids":"","_relevanssi_related_exclude_ids":"","_relevanssi_related_no_append":"","_relevanssi_related_not_related":"","_relevanssi_related_posts":"","_relevanssi_noindex_reason":"","footnotes":""},"class_list":["post-23885","page","type-page","status-publish","hentry"],"acf":{"layout":"jumplinks","header-group":{"header-description":"Un acuerdo 287(g) le da a la polic\u00eda el poder para hacer cumplir la ley de inmigraci\u00f3n federal\u2014algo que normalmente no pueden hacer. Estos acuerdos convierten a los agentes locales en agentes del Servicio de Inmigraci\u00f3n y Control de Aduanas (ICE), lo que impulsa las deportaciones, la caracterizaci\u00f3n racial y el miedo en las comunidades de inmigrantes.","show-subnav":false,"hide-from-subnav":false},"components":null,"section":[{"title":"Mapa Rastreador: Acuerdos 287(g) en Utah","components":[{"acf_fc_layout":"infogram","infogram":{"oembed-url":"https:\/\/infogram.com\/1py206nk9zmk0ns3yy0plm61qdtydgxn02p"}}]},{"title":"\u00bfQu\u00e9 Tipos de Acuerdos 287(g) Hay?","components":[{"acf_fc_layout":"text","text":{"text":"Hay tres tipos de acuerdos 287(g): el Modelo de Ejecuci\u00f3n en C\u00e1rceles, el Modelo de Oficial de Servicio de \u00d3rdenes Judiciales y el Modelo de Grupo de Trabajo.\r\n\r\n<strong>Oficial de ejecuci\u00f3n de \u00f3rdenes de detenci\u00f3n (poderes limitados)<\/strong>\r\nEste tipo de acuerdo permite a ICE capacitar, certificar y autorizar a los agentes de las fuerzas del orden estatales y locales para servir y ejecutar \u00f3rdenes de detenci\u00f3n administrativas de inmigraci\u00f3n en personas que se encuentran bajo custodia en la c\u00e1rcel de su agencia. El gobierno federal cre\u00f3 esta versi\u00f3n del programa en 2019 y a veces se lo denomina \"287(g)-lite\". Esto se debe a que, en el pasado, requer\u00eda menos capacitaci\u00f3n y delegaba menos responsabilidades a las fuerzas del orden locales.\r\n\r\n<strong>Modelo de Aplicaci\u00f3n en C\u00e1rceles (m\u00e1s poder, solo c\u00e1rceles)<\/strong>\r\nBajo este modelo, ICE delega ciertas autoridades migratorias a las agencias estatales y locales encargadas de hacer cumplir la ley para identificar a los inmigrantes bajo custodia estatal y local y ponerlos en procesos de inmigraci\u00f3n.\r\n\r\nLos oficiales de correccionales en las c\u00e1rceles locales, bajo la supervisi\u00f3n de ICE, son facultados por el gobierno federal para interrogar a las personas bajo su custodia sobre su estatus migratorio y canalizarlas hacia el proceso de deportaci\u00f3n. Los acuerdos de aplicaci\u00f3n en c\u00e1rceles 287(g) colocan la aplicaci\u00f3n de la ley de inmigraci\u00f3n en el centro de las c\u00e1rceles locales, asignando a los oficiales de correccionales deberes para los que no est\u00e1n bien equipados y aumentando la posibilidad de errores y abusos. Estos acuerdos suelen ir acompa\u00f1ados de contratos para alquilar espacio en celdas para detener a inmigrantes en proceso de expulsi\u00f3n o en espera de deportaci\u00f3n, lo que permite a los condados lucrarse de la crueldad de la detenci\u00f3n de inmigrantes.\r\n\r\n<strong>Modelo de grupo de trabajo <\/strong><strong>(el de mayor poder)<\/strong>\r\nICE describe este tipo de acuerdo como un \u201cmultiplicador de fuerza\u201d que permite a las agencias policiales estatales y locales realizar arrestos de inmigrantes durante el cumplimiento rutinario de la ley. Este modelo, la forma m\u00e1s amplia y profunda de colusi\u00f3n con ICE, esencialmente convierte a los agentes de polic\u00eda en agentes de ICE.\r\nEl modelo de grupo de trabajo 287(g) se suspendi\u00f3 durante la presidencia de Obama tras una serie de abusos documentados de los derechos civiles asociados con el programa, incluido la caracterizaci\u00f3n racial, de manera m\u00e1s notoria por parte del sheriff Joe Arpaio del condado de Maricopa, Arizona. ICE resucit\u00f3 el modelo este mismo a\u00f1o."}}]},{"title":"\u00bfQu\u00e9 es un Acuerdo 287(g)?","components":[{"acf_fc_layout":"text","text":{"text":"La de Reforma de la Inmigraci\u00f3n Ilegal y Responsabilidad del Inmigrante de 1996 a\u00f1adi\u00f3 la Secci\u00f3n 287(g) a la Ley de Inmigraci\u00f3n y Nacionalidad. Un acuerdo 287(g) otorga a la polic\u00eda local la facultad de hacer cumplir la ley federal de inmigraci\u00f3n, algo que normalmente no pueden hacer. Estos acuerdos convierten a los agentes locales en agentes del Servicio de Inmigraci\u00f3n y Control de Aduanas (ICE), lo que fomenta las deportaciones, la caracterizaci\u00f3n racial y el miedo en las comunidades inmigrantes.\r\n\r\nLos recursos policiales locales se gastan mejor invirti\u00e9ndolos en programas que realmente mantengan nuestras comunidades seguras, no en alimentar los planes de la administraci\u00f3n Trump de deportar a los inmigrantes que contribuyen a nuestras comunidades y nuestra econom\u00eda.\r\n\r\nUn acuerdo 287(g) es completamente voluntario: las fuerzas del orden locales no tienen obligaci\u00f3n de participar en el programa ni de aplicar la ley migratoria. Al firmar un acuerdo, una agencia del orden p\u00fablico declara efectivamente su apoyo a un cruel r\u00e9gimen federal de control migratorio."}}]},{"title":"\u00bfC\u00f3mo Se Hacen Estos Acuerdos?","components":[{"acf_fc_layout":"text","text":{"text":"El programa 287(g) permite a los municipios, condados y agencias estatales del orden p\u00fablico firmar un acuerdo con el Servicio de Inmigraci\u00f3n y Control de Aduanas (ICE). El tipo de acuerdo especifica las facultades de control migratorio que se otorgan a la agencia local."}}]},{"title":"Los acuerdos 287(g) son perjudiciales: he aqu\u00ed por qu\u00e9","components":[{"acf_fc_layout":"text","text":{"text":"<ul>\r\n \t<li>Convierten incluso las interacciones m\u00e1s insignificantes con las fuerzas del orden locales en situaciones que cambian la vida: detenci\u00f3n, deportaci\u00f3n y separaci\u00f3n de las familias.<\/li>\r\n \t<li>Promueven la caracterizaci\u00f3n racial.<\/li>\r\n \t<li>Reasignan los ingresos de los impuestos locales, alej\u00e1ndolos de la seguridad de la comunidad y dirigi\u00e9ndolos a las deportaciones masivas.<\/li>\r\n \t<li>Crean riesgos legales y la posibilidad de demandas para nuestros municipios.<\/li>\r\n \t<li>Erosionan la confianza del p\u00fablico en las fuerzas del orden: cuando la gente teme que contactar con la polic\u00eda pueda tener consecuencias migratorias, duda en ayudar en investigaciones o en buscar ayuda en situaciones peligrosas.<\/li>\r\n \t<li>Esto no es seguridad p\u00fablica; hace que la gente tenga miedo de pedir ayuda, denunciar cr\u00edmenes o cooperar con las fuerzas del orden.<\/li>\r\n \t<li>Los acuerdos 287(g) exponen a los municipios a demandas judiciales cuando se violan los derechos, principalmente cuando los agentes locales act\u00faan sin la formaci\u00f3n adecuada para hacer cumplir leyes de inmigraci\u00f3n complejas.<\/li>\r\n \t<li>Si el gobierno puede usar su poder contra un grupo hoy, la expansi\u00f3n de esos abusos es inevitable. Los ataques a las libertades civiles rara vez se limitan a una sola poblaci\u00f3n por mucho tiempo.<\/li>\r\n<\/ul>"}}]},{"title":"Estoy en una jurisdicci\u00f3n 287(g), \u00bfqu\u00e9 debo hacer?","components":[{"acf_fc_layout":"text","text":{"text":"En Estados Unidos, todas las personas, sin importar su ciudadan\u00eda o estatus migratorio, tienen derechos garantizados por la Constituci\u00f3n. Lea nuestra gu\u00eda Conozca sus Derechos para ayudar a protegerse a s\u00ed mismo y a las personas que le importan.\r\n<ul>\r\n \t<li><a href=\"https:\/\/www.acluutah.org\/know-your-rights\/what-do-when-interacting-ice\/\">Qu\u00e9 hacer al interactuar con el Servicio de Inmigraci\u00f3n y Control de Aduanas (ICE)<\/a><\/li>\r\n \t<li><a href=\"https:\/\/www.acluutah.org\/know-your-rights\/ice\/\">Conozca sus derechos: Inmigraci\u00f3n y Control de Aduanas (ICE)<\/a><\/li>\r\n \t<li><a href=\"https:\/\/www.acluutah.org\/know-your-rights\/immigrant-and-refugee-students-in-public-schools\/\">Estudiantes inmigrantes y refugiados en escuelas p\u00fablicas<\/a><\/li>\r\n \t<li><a href=\"https:\/\/www.acluutah.org\/know-your-rights\/what-places-worship-need-know-responding-ice-encounters\/\">Lo que los lugares de culto deben saber: C\u00f3mo responder a los encuentros con ICE<\/a><\/li>\r\n \t<li><a href=\"https:\/\/www.acluutah.org\/know-your-rights\/immigrants-refugee-rights-if-you-have-been-arrested-or-detained\/\">Derechos de inmigrantes y refugiados: Si ha sido arrestado o detenido<\/a><\/li>\r\n \t<li><a href=\"https:\/\/www.acluutah.org\/know-your-rights\/steps-protect-yourself-online-against-doxxing-and-harassment\/\">Pasos para protegerse en l\u00ednea contra el acoso y la divulgaci\u00f3n de informaci\u00f3n personal (doxing)<\/a><\/li>\r\n<\/ul>"}}]},{"title":"\u00bfC\u00f3mo puedo tomar acci\u00f3n?","components":[{"acf_fc_layout":"single-image","single-image":{"":null,"image-group":{"image":23687,"":null,"caption":"<strong>Alto a la Toma de Control de ICE | Firma Hoy<\/strong>\r\nHagan clic en la imagen de arriba. El primer paso es firmar<a href=\"https:\/\/secure.ngpvan.com\/CcLjlnwaCU-vHJDYECfTXA2\"> nuestra petici\u00f3n<\/a> para detener la toma de control de ICE en Utah. Les informaremos sobre otras acciones directas que pueden tomar en el futuro.","credit":"","link-settings":"custom","url":"https:\/\/secure.ngpvan.com\/CcLjlnwaCU-vHJDYECfTXA2"},"width":"standard","alignment":"left"}},{"acf_fc_layout":"divider","divider":{"divider_type":"hr"}},{"acf_fc_layout":"single-image","single-image":{"":null,"image-group":{"image":23786,"":null,"caption":"Haga clic en la imagen de arriba para pedirle al Congreso que desfinancie los acuerdos 287(g) que convierten a las fuerzas del orden locales en agentes de ICE.","credit":"","link-settings":"custom","url":"https:\/\/action.aclu.org\/send-message\/cut-funding-ices-dangerous-287g-program-25"},"width":"standard","alignment":"left"}}]},{"title":"ARCHIVO DE ACUERDOS FIRMADOS","components":[{"acf_fc_layout":"accordion","accordion":{"turn_on_faq":false,"list_style":false,"accordion-title":"","description":"","accordion-items":[{"title":"Beaver County Sheriff's Office","content":"<ul>\r\n \t<li><a href=\"https:\/\/www.ice.gov\/doclib\/287gMOA\/BeaverCountyUT_WSO_MOA_071125.pdf\">WSO Firmado<\/a><\/li>\r\n<\/ul>","image_video_field_group":{"image_video_options":"image","image_group":{"image":null,"caption":"","credit":"","link-settings":"none","url":""},"video_group":{"video":null,"cover_image":null,"video_orientation":"standard"},"youtube_group":{"oembed-url":"","cover-image":null}}},{"title":"Cache County Sheriff's Office","content":"<ul>\r\n \t<li><a href=\"https:\/\/www.ice.gov\/doclib\/287gMOA\/CacheCountySOUT_WSO_MOA_080425.pdf\">WSO Firmado<\/a><\/li>\r\n<\/ul>","image_video_field_group":{"image_video_options":"image","image_group":{"image":null,"caption":"","credit":"","link-settings":"none","url":""},"video_group":{"video":null,"cover_image":null,"video_orientation":"standard"},"youtube_group":{"oembed-url":"","cover-image":null}}},{"title":"Kane County Sheriff's Office","content":"<ul>\r\n \t<li><a href=\"https:\/\/www.ice.gov\/doclib\/287gMOA\/KaneCoSheriffsOfficeUT_WSO_MOA_07242025.pdf\">WSO Firmado<\/a><\/li>\r\n<\/ul>","image_video_field_group":{"image_video_options":"image","image_group":{"image":null,"caption":"","credit":"","link-settings":"none","url":""},"video_group":{"video":null,"cover_image":null,"video_orientation":"standard"},"youtube_group":{"oembed-url":"","cover-image":null}}},{"title":"Sanpete County Sheriff's Office","content":"<ul>\r\n \t<li><a href=\"https:\/\/www.ice.gov\/doclib\/287gMOA\/SanpeteCoSheriffsOfficeUT_JEM_MOA_06112025.pdf\">JEM Firmado<\/a><\/li>\r\n<\/ul>","image_video_field_group":{"image_video_options":"image","image_group":{"image":null,"caption":"","credit":"","link-settings":"none","url":""},"video_group":{"video":null,"cover_image":null,"video_orientation":"standard"},"youtube_group":{"oembed-url":"","cover-image":null}}},{"title":"Tooele County Sheriff's Office","content":"<ul>\r\n \t<li><a href=\"https:\/\/www.ice.gov\/doclib\/287gMOA\/TooeleCoSheriffsOfficeUT_TFM_MOA_07022025.pdf\"><i>TFM Firmado<\/i><\/a><\/li>\r\n \t<li><a href=\"https:\/\/www.ice.gov\/doclib\/287gMOA\/TooeleCoSheriffsOfficeUT_WSO_MOA_06252025.pdf\"><i>WSO Firmado<\/i><\/a><\/li>\r\n<\/ul>","image_video_field_group":{"image_video_options":"image","image_group":{"image":null,"caption":"","credit":"","link-settings":"none","url":""},"video_group":{"video":null,"cover_image":null,"video_orientation":"standard"},"youtube_group":{"oembed-url":"","cover-image":null}}},{"title":"Utah County Sheriff's Office","content":"<ul>\r\n \t<li><a href=\"https:\/\/www.ice.gov\/doclib\/287gMOA\/UtahCoSheriffsOfficeUT_TFM_MOA_07242025.pdf\"><i>TFM Firmado<\/i><\/a><\/li>\r\n \t<li><i><\/i><a href=\"https:\/\/www.ice.gov\/doclib\/287gMOA\/UtahCoSheriffsOfficeUT_WSO_MOA_07242025.pdf\"><i>WSO Firmado<\/i><\/a><\/li>\r\n<\/ul>","image_video_field_group":{"image_video_options":"image","image_group":{"image":null,"caption":"","credit":"","link-settings":"none","url":""},"video_group":{"video":null,"cover_image":null,"video_orientation":"standard"},"youtube_group":{"oembed-url":"","cover-image":null}}},{"title":"Utah Department of Corrections (Statewide)","content":"<ul>\r\n \t<li><a href=\"https:\/\/www.ice.gov\/doclib\/287gMOA\/UtahDoC_WSO_MOA_05.13.2025.pdf\"><i>WSO Firmado<\/i><\/a><\/li>\r\n<\/ul>","image_video_field_group":{"image_video_options":"image","image_group":{"image":null,"caption":"","credit":"","link-settings":"none","url":""},"video_group":{"video":null,"cover_image":null,"video_orientation":"standard"},"youtube_group":{"oembed-url":"","cover-image":null}}},{"title":"Wasatch County Sheriff's Office","content":"<ul>\r\n \t<li><a href=\"https:\/\/www.ice.gov\/doclib\/287gMOA\/WasatchCoSheriffsOfficeUT_WSO_MOA_08042025.pdf\">WSO Firmado<\/a><\/li>\r\n<\/ul>","image_video_field_group":{"image_video_options":"image","image_group":{"image":null,"caption":"","credit":"","link-settings":"none","url":""},"video_group":{"video":null,"cover_image":null,"video_orientation":"standard"},"youtube_group":{"oembed-url":"","cover-image":null}}},{"title":"Washington County Sheriff's Office","content":"<ul>\r\n \t<li><a href=\"https:\/\/www.ice.gov\/doclib\/287gMOA\/WashingtonCoSheriffsOfficeUT_JEM_MOA_03.20.2025.pdf\">JEM Firmado<\/a><\/li>\r\n \t<li><a href=\"https:\/\/www.ice.gov\/doclib\/287gMOA\/WashingtonCoSheriffsOfficeUT_TFM_MOA_03.20.2025.pdf\">TFM Firmado<\/a><\/li>\r\n<\/ul>","image_video_field_group":{"image_video_options":"image","image_group":{"image":null,"caption":"","credit":"","link-settings":"none","url":""},"video_group":{"video":null,"cover_image":null,"video_orientation":"standard"},"youtube_group":{"oembed-url":"","cover-image":null}}},{"title":"Weber County Sheriff's Office","content":"<ul>\r\n \t<li><a href=\"https:\/\/www.ice.gov\/doclib\/287gMOA\/WeberCoSheriffsOfficeUT_TFM_MOA_07022025.pdf\">TFM Firmado<\/a><\/li>\r\n<\/ul>","image_video_field_group":{"image_video_options":"image","image_group":{"image":null,"caption":"","credit":"","link-settings":"none","url":""},"video_group":{"video":null,"cover_image":null,"video_orientation":"standard"},"youtube_group":{"oembed-url":"","cover-image":null}}}]}}]}],"issues":null,"related_content":null,"documents":null},"yoast_head":"<!-- This site is optimized with the Yoast SEO plugin v24.9 - https:\/\/yoast.com\/wordpress\/plugins\/seo\/ -->\n<title>Los Acuerdos 287(g) en Utah - ACLU of Utah<\/title>\n<meta name=\"robots\" content=\"index, follow, max-snippet:-1, max-image-preview:large, max-video-preview:-1\" \/>\n<link rel=\"canonical\" href=\"https:\/\/www.acluutah.org\/es\/los-acuerdos-287g-en-utah\/\" \/>\n<meta property=\"og:locale\" content=\"es_ES\" \/>\n<meta property=\"og:type\" content=\"article\" \/>\n<meta property=\"og:title\" content=\"Los Acuerdos 287(g) en Utah - ACLU of Utah\" \/>\n<meta property=\"og:description\" content=\"Un acuerdo 287(g) le da a la polic\u00eda el poder para hacer cumplir la ley de inmigraci\u00f3n federal\u2014algo que normalmente no pueden hacer. Estos acuerdos convierten a los agentes locales en agentes del Servicio de Inmigraci\u00f3n y Control de Aduanas (ICE), lo que impulsa las deportaciones, la caracterizaci\u00f3n racial y el miedo en las comunidades...\" \/>\n<meta property=\"og:url\" content=\"https:\/\/www.acluutah.org\/es\/los-acuerdos-287g-en-utah\/\" \/>\n<meta property=\"og:site_name\" content=\"ACLU of Utah\" \/>\n<meta property=\"og:image\" content=\"https:\/\/www.acluutah.org\/app\/themes\/aclu-parent\/img\/default_fb_share.jpg\" \/>\n<meta name=\"twitter:card\" content=\"summary_large_image\" \/>\n<script type=\"application\/ld+json\" class=\"yoast-schema-graph\">{\"@context\":\"https:\/\/schema.org\",\"@graph\":[{\"@type\":\"WebPage\",\"@id\":\"https:\/\/www.acluutah.org\/es\/los-acuerdos-287g-en-utah\/\",\"url\":\"https:\/\/www.acluutah.org\/es\/los-acuerdos-287g-en-utah\/\",\"name\":\"Los Acuerdos 287(g) en Utah - ACLU of Utah\",\"isPartOf\":{\"@id\":\"https:\/\/www.acluutah.org\/#website\"},\"datePublished\":\"2025-12-09T23:36:17+00:00\",\"inLanguage\":\"es-ES\",\"potentialAction\":[{\"@type\":\"ReadAction\",\"target\":[\"https:\/\/www.acluutah.org\/es\/los-acuerdos-287g-en-utah\/\"]}]},{\"@type\":\"WebSite\",\"@id\":\"https:\/\/www.acluutah.org\/#website\",\"url\":\"https:\/\/www.acluutah.org\/\",\"name\":\"ACLU of Utah\",\"description\":\"Protecting Your Rights Mean Protecting Everyone&#039;s\",\"publisher\":{\"@id\":\"https:\/\/www.acluutah.org\/#organization\"},\"potentialAction\":[{\"@type\":\"SearchAction\",\"target\":{\"@type\":\"EntryPoint\",\"urlTemplate\":\"https:\/\/www.acluutah.org\/?s={search_term_string}\"},\"query-input\":{\"@type\":\"PropertyValueSpecification\",\"valueRequired\":true,\"valueName\":\"search_term_string\"}}],\"inLanguage\":\"es-ES\"},{\"@type\":\"Organization\",\"@id\":\"https:\/\/www.acluutah.org\/#organization\",\"name\":\"ACLU of Utah\",\"url\":\"https:\/\/www.acluutah.org\/\",\"logo\":{\"@type\":\"ImageObject\",\"inLanguage\":\"es-ES\",\"@id\":\"https:\/\/www.acluutah.org\/#\/schema\/logo\/image\/\",\"url\":\"https:\/\/www.acluutah.org\/app\/uploads\/2025\/08\/Utah_Color-Logo_RGB.png\",\"contentUrl\":\"https:\/\/www.acluutah.org\/app\/uploads\/2025\/08\/Utah_Color-Logo_RGB.png\",\"width\":2000,\"height\":2000,\"caption\":\"ACLU of Utah\"},\"image\":{\"@id\":\"https:\/\/www.acluutah.org\/#\/schema\/logo\/image\/\"}}]}<\/script>\n<!-- \/ Yoast SEO plugin. -->","yoast_head_json":{"title":"Los Acuerdos 287(g) en Utah - ACLU of Utah","robots":{"index":"index","follow":"follow","max-snippet":"max-snippet:-1","max-image-preview":"max-image-preview:large","max-video-preview":"max-video-preview:-1"},"canonical":"https:\/\/www.acluutah.org\/es\/los-acuerdos-287g-en-utah\/","og_locale":"es_ES","og_type":"article","og_title":"Los Acuerdos 287(g) en Utah - ACLU of Utah","og_description":"Un acuerdo 287(g) le da a la polic\u00eda el poder para hacer cumplir la ley de inmigraci\u00f3n federal\u2014algo que normalmente no pueden hacer. Estos acuerdos convierten a los agentes locales en agentes del Servicio de Inmigraci\u00f3n y Control de Aduanas (ICE), lo que impulsa las deportaciones, la caracterizaci\u00f3n racial y el miedo en las comunidades...","og_url":"https:\/\/www.acluutah.org\/es\/los-acuerdos-287g-en-utah\/","og_site_name":"ACLU of Utah","og_image":[{"url":"https:\/\/www.acluutah.org\/app\/themes\/aclu-parent\/img\/default_fb_share.jpg","type":"","width":"","height":""}],"twitter_card":"summary_large_image","schema":{"@context":"https:\/\/schema.org","@graph":[{"@type":"WebPage","@id":"https:\/\/www.acluutah.org\/es\/los-acuerdos-287g-en-utah\/","url":"https:\/\/www.acluutah.org\/es\/los-acuerdos-287g-en-utah\/","name":"Los Acuerdos 287(g) en Utah - ACLU of Utah","isPartOf":{"@id":"https:\/\/www.acluutah.org\/#website"},"datePublished":"2025-12-09T23:36:17+00:00","inLanguage":"es-ES","potentialAction":[{"@type":"ReadAction","target":["https:\/\/www.acluutah.org\/es\/los-acuerdos-287g-en-utah\/"]}]},{"@type":"WebSite","@id":"https:\/\/www.acluutah.org\/#website","url":"https:\/\/www.acluutah.org\/","name":"ACLU of Utah","description":"Protecting Your Rights Mean Protecting Everyone&#039;s","publisher":{"@id":"https:\/\/www.acluutah.org\/#organization"},"potentialAction":[{"@type":"SearchAction","target":{"@type":"EntryPoint","urlTemplate":"https:\/\/www.acluutah.org\/?s={search_term_string}"},"query-input":{"@type":"PropertyValueSpecification","valueRequired":true,"valueName":"search_term_string"}}],"inLanguage":"es-ES"},{"@type":"Organization","@id":"https:\/\/www.acluutah.org\/#organization","name":"ACLU of Utah","url":"https:\/\/www.acluutah.org\/","logo":{"@type":"ImageObject","inLanguage":"es-ES","@id":"https:\/\/www.acluutah.org\/#\/schema\/logo\/image\/","url":"https:\/\/www.acluutah.org\/app\/uploads\/2025\/08\/Utah_Color-Logo_RGB.png","contentUrl":"https:\/\/www.acluutah.org\/app\/uploads\/2025\/08\/Utah_Color-Logo_RGB.png","width":2000,"height":2000,"caption":"ACLU of Utah"},"image":{"@id":"https:\/\/www.acluutah.org\/#\/schema\/logo\/image\/"}}]}},"distributor_meta":false,"distributor_terms":false,"distributor_media":false,"distributor_original_site_name":"ACLU of Utah","distributor_original_site_url":"https:\/\/www.acluutah.org\/es\/","push-errors":false,"_links":{"self":[{"href":"https:\/\/www.acluutah.org\/es\/wp-json\/wp\/v2\/pages\/23885","targetHints":{"allow":["GET"]}}],"collection":[{"href":"https:\/\/www.acluutah.org\/es\/wp-json\/wp\/v2\/pages"}],"about":[{"href":"https:\/\/www.acluutah.org\/es\/wp-json\/wp\/v2\/types\/page"}],"author":[{"embeddable":true,"href":"https:\/\/www.acluutah.org\/es\/wp-json\/wp\/v2\/users\/5"}],"replies":[{"embeddable":true,"href":"https:\/\/www.acluutah.org\/es\/wp-json\/wp\/v2\/comments?post=23885"}],"version-history":[{"count":3,"href":"https:\/\/www.acluutah.org\/es\/wp-json\/wp\/v2\/pages\/23885\/revisions"}],"predecessor-version":[{"id":24194,"href":"https:\/\/www.acluutah.org\/es\/wp-json\/wp\/v2\/pages\/23885\/revisions\/24194"}],"wp:attachment":[{"href":"https:\/\/www.acluutah.org\/es\/wp-json\/wp\/v2\/media?parent=23885"}],"curies":[{"name":"wp","href":"https:\/\/api.w.org\/{rel}","templated":true}]}}